{"id":55,"date":"2025-08-31T20:04:30","date_gmt":"2025-08-31T20:04:30","guid":{"rendered":"https:\/\/driviojobs.com\/?page_id=55"},"modified":"2025-10-03T08:25:53","modified_gmt":"2025-10-03T08:25:53","slug":"fooldal-english","status":"publish","type":"page","link":"https:\/\/driviojobs.com\/?page_id=55&lang=en","title":{"rendered":"Home"},"content":{"rendered":"\n<div class=\"wp-block-cover is-light show-desktop\"><img loading=\"lazy\" decoding=\"async\" width=\"1024\" height=\"683\" class=\"wp-block-cover__image-background wp-image-43 size-large\" alt=\"\" src=\"https:\/\/driviojobs.com\/wp-content\/uploads\/2025\/08\/Hero1-2-1024x683.png\" data-object-fit=\"cover\" srcset=\"https:\/\/driviojobs.com\/wp-content\/uploads\/2025\/08\/Hero1-2-1024x683.png 1024w, https:\/\/driviojobs.com\/wp-content\/uploads\/2025\/08\/Hero1-2-300x200.png 300w, https:\/\/driviojobs.com\/wp-content\/uploads\/2025\/08\/Hero1-2-768x512.png 768w, https:\/\/driviojobs.com\/wp-content\/uploads\/2025\/08\/Hero1-2.png 1536w\" sizes=\"auto, (max-width: 1024px) 100vw, 1024px\" \/><span aria-hidden=\"true\" class=\"wp-block-cover__background has-background-dim\" style=\"background-color:#8c8877\"><\/span><div class=\"wp-block-cover__inner-container is-layout-constrained wp-block-cover-is-layout-constrained\">\n<p class=\"has-text-align-center has-large-font-size\"><\/p>\n\n\n\n<div class=\"wp-block-columns is-layout-flex wp-container-core-columns-is-layout-28f84493 wp-block-columns-is-layout-flex\">\n<div class=\"wp-block-column is-layout-flow wp-block-column-is-layout-flow\"><\/div>\n\n\n\n<div class=\"wp-block-column is-layout-flow wp-block-column-is-layout-flow\"><\/div>\n<\/div>\n\n\n\n<div class=\"wp-block-columns is-layout-flex wp-container-core-columns-is-layout-28f84493 wp-block-columns-is-layout-flex\">\n<div class=\"wp-block-column is-layout-flow wp-block-column-is-layout-flow\" style=\"flex-basis:66.66%\">\n<h2 class=\"wp-block-heading has-text-align-right has-ast-global-color-4-color has-text-color has-link-color has-medium-font-size wp-elements-63c0ffcaba38adb4f64b7ad4da6d164b\">Easy application &#8211; quick response within 24 hours -><\/h2>\n<\/div>\n\n\n\n<div class=\"wp-block-column is-layout-flow wp-block-column-is-layout-flow\" style=\"flex-basis:33.33%\"><style id=\"wpforms-css-vars-61-block-28734501-e086-4d11-911c-7cf47973d45b\">\n\t\t\t\t#wpforms-61.wpforms-block-28734501-e086-4d11-911c-7cf47973d45b {\n\t\t\t\t--wpforms-field-size-input-height: 43px;\n--wpforms-field-size-input-spacing: 15px;\n--wpforms-field-size-font-size: 16px;\n--wpforms-field-size-line-height: 19px;\n--wpforms-field-size-padding-h: 14px;\n--wpforms-field-size-checkbox-size: 16px;\n--wpforms-field-size-sublabel-spacing: 5px;\n--wpforms-field-size-icon-size: 1;\n--wpforms-label-size-font-size: 16px;\n--wpforms-label-size-line-height: 19px;\n--wpforms-label-size-sublabel-font-size: 14px;\n--wpforms-label-size-sublabel-line-height: 17px;\n--wpforms-button-size-font-size: 17px;\n--wpforms-button-size-height: 41px;\n--wpforms-button-size-padding-h: 15px;\n--wpforms-button-size-margin-top: 10px;\n\n\t\t\t}\n\t\t\t<\/style><div class=\"wpforms-container wpforms-container-full show-desktop wpforms-block wpforms-block-28734501-e086-4d11-911c-7cf47973d45b wpforms-render-modern\" id=\"wpforms-61\"><form id=\"wpforms-form-61\" class=\"wpforms-validate wpforms-form wpforms-ajax-form\" data-formid=\"61\" method=\"post\" enctype=\"multipart\/form-data\" action=\"\/index.php?rest_route=%2Fwp%2Fv2%2Fpages%2F55\" data-token=\"e674c73557a4da80c7e0af1b9cdf66f5\" data-token-time=\"1776683352\"><noscript class=\"wpforms-error-noscript\">Please enable JavaScript in your browser to complete this form.<\/noscript><div id=\"wpforms-error-noscript\" style=\"display: none;\">Please enable JavaScript in your browser to complete this form.<\/div><div class=\"wpforms-field-container\"><div id=\"wpforms-61-field_2-container\" class=\"wpforms-field wpforms-field-text\" data-field-id=\"2\"><label class=\"wpforms-field-label\" for=\"wpforms-61-field_2\">Name <span class=\"wpforms-required-label\" aria-hidden=\"true\">*<\/span><\/label><input type=\"text\" id=\"wpforms-61-field_2\" class=\"wpforms-field-medium wpforms-field-required\" name=\"wpforms[fields][2]\" aria-errormessage=\"wpforms-61-field_2-error\" required><\/div><div id=\"wpforms-61-field_3-container\" class=\"wpforms-field wpforms-field-text\" data-field-id=\"3\"><label class=\"wpforms-field-label\" for=\"wpforms-61-field_3\">Phone number <span class=\"wpforms-required-label\" aria-hidden=\"true\">*<\/span><\/label><input type=\"text\" id=\"wpforms-61-field_3\" class=\"wpforms-field-medium wpforms-field-required\" name=\"wpforms[fields][3]\" aria-errormessage=\"wpforms-61-field_3-error\" required><\/div>\t\t<div id=\"wpforms-61-field_1-container\"\n\t\t\tclass=\"wpforms-field wpforms-field-text\"\n\t\t\tdata-field-type=\"text\"\n\t\t\tdata-field-id=\"1\"\n\t\t\t>\n\t\t\t<label class=\"wpforms-field-label\" for=\"wpforms-61-field_1\" >License number Phone<\/label>\n\t\t\t<input type=\"text\" id=\"wpforms-61-field_1\" class=\"wpforms-field-medium\" name=\"wpforms[fields][1]\" >\n\t\t<\/div>\n\t\t<div id=\"wpforms-61-field_4-container\" class=\"wpforms-field wpforms-field-text\" data-field-id=\"4\"><label class=\"wpforms-field-label\" for=\"wpforms-61-field_4\">Email <span class=\"wpforms-required-label\" aria-hidden=\"true\">*<\/span><\/label><input type=\"text\" id=\"wpforms-61-field_4\" class=\"wpforms-field-medium wpforms-field-required\" name=\"wpforms[fields][4]\" aria-errormessage=\"wpforms-61-field_4-error\" required><\/div><div id=\"wpforms-61-field_5-container\" class=\"wpforms-field wpforms-field-text\" data-field-id=\"5\"><label class=\"wpforms-field-label\" for=\"wpforms-61-field_5\">License category<\/label><input type=\"text\" id=\"wpforms-61-field_5\" class=\"wpforms-field-medium\" name=\"wpforms[fields][5]\" aria-errormessage=\"wpforms-61-field_5-error\" ><\/div><div id=\"wpforms-61-field_6-container\" class=\"wpforms-field wpforms-field-text\" data-field-id=\"6\"><label class=\"wpforms-field-label\" for=\"wpforms-61-field_6\">Message<\/label><input type=\"text\" id=\"wpforms-61-field_6\" class=\"wpforms-field-medium\" name=\"wpforms[fields][6]\" aria-errormessage=\"wpforms-61-field_6-error\" ><\/div><script>\n\t\t\t\t( function() {\n\t\t\t\t\tconst style = document.createElement( 'style' );\n\t\t\t\t\tstyle.appendChild( document.createTextNode( '#wpforms-61-field_1-container { position: absolute !important; overflow: hidden !important; display: inline !important; height: 1px !important; width: 1px !important; z-index: -1000 !important; padding: 0 !important; } #wpforms-61-field_1-container input { visibility: hidden; } #wpforms-conversational-form-page #wpforms-61-field_1-container label { counter-increment: none; }' ) );\n\t\t\t\t\tdocument.head.appendChild( style );\n\t\t\t\t\tdocument.currentScript?.remove();\n\t\t\t\t} )();\n\t\t\t<\/script><\/div><!-- .wpforms-field-container --><div class=\"wpforms-submit-container\" ><input type=\"hidden\" name=\"wpforms[id]\" value=\"61\"><input type=\"hidden\" name=\"page_title\" value=\"\"><input type=\"hidden\" name=\"page_url\" value=\"https:\/\/driviojobs.com\/index.php?rest_route=\/wp\/v2\/pages\/55\"><input type=\"hidden\" name=\"url_referer\" value=\"\"><button type=\"submit\" name=\"wpforms[submit]\" id=\"wpforms-submit-61\" class=\"wpforms-submit\" data-alt-text=\"Sending...\" data-submit-text=\"Apply now\" aria-live=\"assertive\" value=\"wpforms-submit\">Apply now<\/button><img loading=\"lazy\" decoding=\"async\" src=\"https:\/\/driviojobs.com\/wp-content\/plugins\/wpforms-lite\/assets\/images\/submit-spin.svg\" class=\"wpforms-submit-spinner\" style=\"display: none;\" width=\"26\" height=\"26\" alt=\"Loading\"><\/div><\/form><\/div>  <!-- .wpforms-container --><\/div>\n<\/div>\n\n\n\n<h2 class=\"wp-block-heading has-ast-global-color-4-color has-text-color has-link-color has-small-font-size wp-elements-b6aa217696807d0b272a7217f7fd9bcb\">Don&#8217;t just dream of working abroad &#8211; start now<\/h2>\n\n\n\n<p class=\"has-ast-global-color-4-color has-text-color has-link-color has-small-font-size wp-elements-07548cc365ceda2783128be947ea66f4\">We connect you with reliable job opportunities abroad<\/p>\n<\/div><\/div>\n\n\n\n<div class=\"wp-block-cover is-light show-mobile\"><img loading=\"lazy\" decoding=\"async\" width=\"1024\" height=\"683\" class=\"wp-block-cover__image-background wp-image-43 size-large\" alt=\"\" src=\"https:\/\/driviojobs.com\/wp-content\/uploads\/2025\/08\/Hero1-2-1024x683.png\" data-object-fit=\"cover\" srcset=\"https:\/\/driviojobs.com\/wp-content\/uploads\/2025\/08\/Hero1-2-1024x683.png 1024w, https:\/\/driviojobs.com\/wp-content\/uploads\/2025\/08\/Hero1-2-300x200.png 300w, https:\/\/driviojobs.com\/wp-content\/uploads\/2025\/08\/Hero1-2-768x512.png 768w, https:\/\/driviojobs.com\/wp-content\/uploads\/2025\/08\/Hero1-2.png 1536w\" sizes=\"auto, (max-width: 1024px) 100vw, 1024px\" \/><span aria-hidden=\"true\" class=\"wp-block-cover__background has-background-dim\" style=\"background-color:#8c8877\"><\/span><div class=\"wp-block-cover__inner-container is-layout-constrained wp-block-cover-is-layout-constrained\">\n<p class=\"has-text-align-center has-large-font-size\"><\/p>\n\n\n\n<div class=\"wp-block-columns is-layout-flex wp-container-core-columns-is-layout-28f84493 wp-block-columns-is-layout-flex\">\n<div class=\"wp-block-column is-layout-flow wp-block-column-is-layout-flow\"><\/div>\n\n\n\n<div class=\"wp-block-column show-mobile is-layout-flow wp-block-column-is-layout-flow\"><\/div>\n<\/div>\n\n\n\n<div class=\"wp-block-columns is-layout-flex wp-container-core-columns-is-layout-28f84493 wp-block-columns-is-layout-flex\">\n<div class=\"wp-block-column is-layout-flow wp-block-column-is-layout-flow\" style=\"flex-basis:66.66%\">\n<h2 class=\"wp-block-heading has-text-align-right has-ast-global-color-4-color has-text-color has-link-color has-medium-font-size wp-elements-63c0ffcaba38adb4f64b7ad4da6d164b\">Easy application &#8211; quick response within 24 hours -><\/h2>\n<\/div>\n\n\n\n<div class=\"wp-block-column is-layout-flow wp-block-column-is-layout-flow\" style=\"flex-basis:33.33%\"><style id=\"wpforms-css-vars-61-block-28734501-e086-4d11-911c-7cf47973d45b\">\n\t\t\t\t#wpforms-61.wpforms-block-28734501-e086-4d11-911c-7cf47973d45b {\n\t\t\t\t--wpforms-field-size-input-height: 43px;\n--wpforms-field-size-input-spacing: 15px;\n--wpforms-field-size-font-size: 16px;\n--wpforms-field-size-line-height: 19px;\n--wpforms-field-size-padding-h: 14px;\n--wpforms-field-size-checkbox-size: 16px;\n--wpforms-field-size-sublabel-spacing: 5px;\n--wpforms-field-size-icon-size: 1;\n--wpforms-label-size-font-size: 16px;\n--wpforms-label-size-line-height: 19px;\n--wpforms-label-size-sublabel-font-size: 14px;\n--wpforms-label-size-sublabel-line-height: 17px;\n--wpforms-button-size-font-size: 17px;\n--wpforms-button-size-height: 41px;\n--wpforms-button-size-padding-h: 15px;\n--wpforms-button-size-margin-top: 10px;\n\n\t\t\t}\n\t\t\t<\/style><div class=\"wpforms-container wpforms-container-full wpforms-block wpforms-block-28734501-e086-4d11-911c-7cf47973d45b wpforms-render-modern\" id=\"wpforms-61\"><form id=\"wpforms-form-61\" class=\"wpforms-validate wpforms-form wpforms-ajax-form\" data-formid=\"61\" method=\"post\" enctype=\"multipart\/form-data\" action=\"\/index.php?rest_route=%2Fwp%2Fv2%2Fpages%2F55\" data-token=\"e674c73557a4da80c7e0af1b9cdf66f5\" data-token-time=\"1776683352\"><noscript class=\"wpforms-error-noscript\">Please enable JavaScript in your browser to complete this form.<\/noscript><div id=\"wpforms-error-noscript\" style=\"display: none;\">Please enable JavaScript in your browser to complete this form.<\/div><div class=\"wpforms-field-container\"><div id=\"wpforms-61-field_2-container\" class=\"wpforms-field wpforms-field-text\" data-field-id=\"2\"><label class=\"wpforms-field-label\" for=\"wpforms-61-field_2\">Name <span class=\"wpforms-required-label\" aria-hidden=\"true\">*<\/span><\/label><input type=\"text\" id=\"wpforms-61-field_2\" class=\"wpforms-field-medium wpforms-field-required\" name=\"wpforms[fields][2]\" aria-errormessage=\"wpforms-61-field_2-error\" required><\/div>\t\t<div id=\"wpforms-61-field_1-container\"\n\t\t\tclass=\"wpforms-field wpforms-field-text\"\n\t\t\tdata-field-type=\"text\"\n\t\t\tdata-field-id=\"1\"\n\t\t\t>\n\t\t\t<label class=\"wpforms-field-label\" for=\"wpforms-61-field_1\" >number Email category<\/label>\n\t\t\t<input type=\"text\" id=\"wpforms-61-field_1\" class=\"wpforms-field-medium\" name=\"wpforms[fields][1]\" >\n\t\t<\/div>\n\t\t<div id=\"wpforms-61-field_3-container\" class=\"wpforms-field wpforms-field-text\" data-field-id=\"3\"><label class=\"wpforms-field-label\" for=\"wpforms-61-field_3\">Phone number <span class=\"wpforms-required-label\" aria-hidden=\"true\">*<\/span><\/label><input type=\"text\" id=\"wpforms-61-field_3\" class=\"wpforms-field-medium wpforms-field-required\" name=\"wpforms[fields][3]\" aria-errormessage=\"wpforms-61-field_3-error\" required><\/div><div id=\"wpforms-61-field_4-container\" class=\"wpforms-field wpforms-field-text\" data-field-id=\"4\"><label class=\"wpforms-field-label\" for=\"wpforms-61-field_4\">Email <span class=\"wpforms-required-label\" aria-hidden=\"true\">*<\/span><\/label><input type=\"text\" id=\"wpforms-61-field_4\" class=\"wpforms-field-medium wpforms-field-required\" name=\"wpforms[fields][4]\" aria-errormessage=\"wpforms-61-field_4-error\" required><\/div><div id=\"wpforms-61-field_5-container\" class=\"wpforms-field wpforms-field-text\" data-field-id=\"5\"><label class=\"wpforms-field-label\" for=\"wpforms-61-field_5\">License category<\/label><input type=\"text\" id=\"wpforms-61-field_5\" class=\"wpforms-field-medium\" name=\"wpforms[fields][5]\" aria-errormessage=\"wpforms-61-field_5-error\" ><\/div><div id=\"wpforms-61-field_6-container\" class=\"wpforms-field wpforms-field-text\" data-field-id=\"6\"><label class=\"wpforms-field-label\" for=\"wpforms-61-field_6\">Message<\/label><input type=\"text\" id=\"wpforms-61-field_6\" class=\"wpforms-field-medium\" name=\"wpforms[fields][6]\" aria-errormessage=\"wpforms-61-field_6-error\" ><\/div><script>\n\t\t\t\t( function() {\n\t\t\t\t\tconst style = document.createElement( 'style' );\n\t\t\t\t\tstyle.appendChild( document.createTextNode( '#wpforms-61-field_1-container { position: absolute !important; overflow: hidden !important; display: inline !important; height: 1px !important; width: 1px !important; z-index: -1000 !important; padding: 0 !important; } #wpforms-61-field_1-container input { visibility: hidden; } #wpforms-conversational-form-page #wpforms-61-field_1-container label { counter-increment: none; }' ) );\n\t\t\t\t\tdocument.head.appendChild( style );\n\t\t\t\t\tdocument.currentScript?.remove();\n\t\t\t\t} )();\n\t\t\t<\/script><\/div><!-- .wpforms-field-container --><div class=\"wpforms-submit-container\" ><input type=\"hidden\" name=\"wpforms[id]\" value=\"61\"><input type=\"hidden\" name=\"page_title\" value=\"\"><input type=\"hidden\" name=\"page_url\" value=\"https:\/\/driviojobs.com\/index.php?rest_route=\/wp\/v2\/pages\/55\"><input type=\"hidden\" name=\"url_referer\" value=\"\"><button type=\"submit\" name=\"wpforms[submit]\" id=\"wpforms-submit-61\" class=\"wpforms-submit\" data-alt-text=\"Sending...\" data-submit-text=\"Apply now\" aria-live=\"assertive\" value=\"wpforms-submit\">Apply now<\/button><img loading=\"lazy\" decoding=\"async\" src=\"https:\/\/driviojobs.com\/wp-content\/plugins\/wpforms-lite\/assets\/images\/submit-spin.svg\" class=\"wpforms-submit-spinner\" style=\"display: none;\" width=\"26\" height=\"26\" alt=\"Loading\"><\/div><\/form><\/div>  <!-- .wpforms-container --><\/div>\n<\/div>\n\n\n\n<h2 class=\"wp-block-heading has-ast-global-color-4-color has-text-color has-link-color has-small-font-size wp-elements-b6aa217696807d0b272a7217f7fd9bcb\">Don&#8217;t just dream of working abroad &#8211; start now<\/h2>\n\n\n\n<p class=\"has-ast-global-color-4-color has-text-color has-link-color has-small-font-size wp-elements-07548cc365ceda2783128be947ea66f4\">We connect you with reliable job opportunities abroad<\/p>\n<\/div><\/div>\n\n\n\n<div class=\"wp-block-columns is-layout-flex wp-container-core-columns-is-layout-28f84493 wp-block-columns-is-layout-flex\">\n<div class=\"wp-block-column is-layout-flow wp-block-column-is-layout-flow\">\n<div class=\"contact-card\">\n  <h2>Munkav\u00e1llal\u00f3knak<\/h2>\n  <p style=\"margin:8px 0 14px;color:#1B2A4A;\">K\u00e9rd\u00e9sed van a k\u00fclf\u00f6ldi sof\u0151r \u00e1ll\u00e1sokr\u00f3l? \u00cdrj WhatsAppon vagy h\u00edvj:<\/p>\n\n  <p style=\"margin:0 0 10px;\">\n    <a href=\"https:\/\/wa.me\/36705370003\" target=\"_blank\" rel=\"noopener\"\n       style=\"display:inline-block;padding:12px 16px;border-radius:8px;background:#2D90CB;color:#fff;text-decoration:none;font-weight:700;\">\n      WhatsApp (HU) \u00b7 +36 70 537 0003\n    <\/a>\n  <\/p>\n  <p style=\"margin:0 0 10px;\">\n    <a href=\"tel:+36705370003\" style=\"color:#2D90CB;text-decoration:none;\">H\u00edv\u00e1s (HU): +36 70 537 0003<\/a>\n  <\/p>\n\n  <p style=\"margin:0 0 10px;\">\n    <a href=\"https:\/\/wa.me\/4915161658457\" target=\"_blank\" rel=\"noopener\"\n       style=\"display:inline-block;padding:12px 16px;border-radius:8px;background:#1B3A68;color:#fff;text-decoration:none;font-weight:700;\">\n      WhatsApp (DE) \u00b7 +49 151 616 58457\n    <\/a>\n  <\/p>\n  <p style=\"margin:0;\">\n    <a href=\"tel:+4915161658457\" style=\"color:#2D90CB;text-decoration:none;\">H\u00edv\u00e1s (DE): +49 151 616 58457<\/a>\n  <\/p>\n\n  <hr style=\"opacity:.2;margin:18px 0;\">\n  <p style=\"margin:0;\">\n    \u2709\ufe0f <a href=\"mailto:info@driviojobs.com\" style=\"color:#2D90CB;text-decoration:none;\">info@driviojobs.com<\/a>\n  <\/p>\n  <p style=\"margin:8px 0 0;color:#6b7a91;\">V\u00e1laszid\u0151: 24 \u00f3r\u00e1n bel\u00fcl.<\/p>\n<\/div>\n<\/div>\n\n\n\n<div class=\"wp-block-column is-layout-flow wp-block-column-is-layout-flow\">\n<div class=\"contact-card\">\n  <h2>For Employers<\/h2>\n  <p style=\"margin:8px 0 14px;color:#1B2A4A;\">Looking for reliable drivers? Reach out to us directly:<\/p>\n\n  <p style=\"margin:0 0 10px;\">\n    \ud83d\udcde <a href=\"tel:+36705370003\" style=\"color:#2D90CB;text-decoration:none;\">Hungary: +36 70 537 0003<\/a>\n  <\/p>\n  <p style=\"margin:0 0 10px;\">\n    \ud83d\udcde <a href=\"tel:+4915161658457\" style=\"color:#2D90CB;text-decoration:none;\">Germany: +49 151 616 58457<\/a>\n  <\/p>\n\n  <p style=\"margin:0 0 10px;\">\n    \u2709\ufe0f <a href=\"mailto:info@driviojobs.com\" style=\"color:#2D90CB;text-decoration:none;\">info@driviojobs.com<\/a>\n  <\/p>\n\n  <div style=\"margin-top:14px;\">\n    <a href=\"https:\/\/www.facebook.com\/share\/18nmvn5rKa\/?mibextid=wwXIfr\" target=\"_blank\" rel=\"noopener\" style=\"margin-right:12px;\">\n      <img loading=\"lazy\" decoding=\"async\" src=\"https:\/\/cdn-icons-png.flaticon.com\/24\/733\/733547.png\" alt=\"Facebook\" width=\"22\" height=\"22\">\n    <\/a>\n    <a href=\"https:\/\/www.instagram.com\/driviojobs?igsh=MXFwZ3VsaW5zaWZ3MQ==\" target=\"_blank\" rel=\"noopener\">\n      <img loading=\"lazy\" decoding=\"async\" src=\"https:\/\/cdn-icons-png.flaticon.com\/24\/2111\/2111463.png\" alt=\"Instagram\" width=\"22\" height=\"22\">\n    <\/a>\n  <\/div>\n<\/div>\n<\/div>\n<\/div>\n","protected":false},"excerpt":{"rendered":"<p>Munkav\u00e1llal\u00f3knak K\u00e9rd\u00e9sed van a k\u00fclf\u00f6ldi sof\u0151r \u00e1ll\u00e1sokr\u00f3l? \u00cdrj WhatsAppon vagy h\u00edvj: WhatsApp (HU) \u00b7 +36 70 537 0003 H\u00edv\u00e1s (HU): [&hellip;]<\/p>\n","protected":false},"author":1,"featured_media":0,"parent":0,"menu_order":0,"comment_status":"closed","ping_status":"closed","template":"","meta":{"site-sidebar-layout":"default","site-content-layout":"","ast-site-content-layout":"default","site-content-style":"default","site-sidebar-style":"default","ast-global-header-display":"","ast-banner-title-visibility":"","ast-main-header-display":"","ast-hfb-above-header-display":"","ast-hfb-below-header-display":"","ast-hfb-mobile-header-display":"","site-post-title":"disabled","ast-breadcrumbs-content":"","ast-featured-img":"","footer-sml-layout":"","theme-transparent-header-meta":"","adv-header-id-meta":"","stick-header-meta":"","header-above-stick-meta":"","header-main-stick-meta":"","header-below-stick-meta":"","astra-migrate-meta-layouts":"default","ast-page-background-enabled":"default","ast-page-background-meta":{"desktop":{"background-color":"var(--ast-global-color-5)","background-image":"","background-repeat":"repeat","background-position":"center center","background-size":"auto","background-attachment":"scroll","background-type":"","background-media":"","overlay-type":"","overlay-color":"","overlay-opacity":"","overlay-gradient":""},"tablet":{"background-color":"","background-image":"","background-repeat":"repeat","background-position":"center center","background-size":"auto","background-attachment":"scroll","background-type":"","background-media":"","overlay-type":"","overlay-color":"","overlay-opacity":"","overlay-gradient":""},"mobile":{"background-color":"","background-image":"","background-repeat":"repeat","background-position":"center center","background-size":"auto","background-attachment":"scroll","background-type":"","background-media":"","overlay-type":"","overlay-color":"","overlay-opacity":"","overlay-gradient":""}},"ast-content-background-meta":{"desktop":{"background-color":"var(--ast-global-color-4)","background-image":"","background-repeat":"repeat","background-position":"center center","background-size":"auto","background-attachment":"scroll","background-type":"","background-media":"","overlay-type":"","overlay-color":"","overlay-opacity":"","overlay-gradient":""},"tablet":{"background-color":"var(--ast-global-color-4)","background-image":"","background-repeat":"repeat","background-position":"center center","background-size":"auto","background-attachment":"scroll","background-type":"","background-media":"","overlay-type":"","overlay-color":"","overlay-opacity":"","overlay-gradient":""},"mobile":{"background-color":"var(--ast-global-color-4)","background-image":"","background-repeat":"repeat","background-position":"center center","background-size":"auto","background-attachment":"scroll","background-type":"","background-media":"","overlay-type":"","overlay-color":"","overlay-opacity":"","overlay-gradient":""}},"footnotes":""},"class_list":["post-55","page","type-page","status-publish","hentry"],"_links":{"self":[{"href":"https:\/\/driviojobs.com\/index.php?rest_route=\/wp\/v2\/pages\/55","targetHints":{"allow":["GET"]}}],"collection":[{"href":"https:\/\/driviojobs.com\/index.php?rest_route=\/wp\/v2\/pages"}],"about":[{"href":"https:\/\/driviojobs.com\/index.php?rest_route=\/wp\/v2\/types\/page"}],"author":[{"embeddable":true,"href":"https:\/\/driviojobs.com\/index.php?rest_route=\/wp\/v2\/users\/1"}],"replies":[{"embeddable":true,"href":"https:\/\/driviojobs.com\/index.php?rest_route=%2Fwp%2Fv2%2Fcomments&post=55"}],"version-history":[{"count":6,"href":"https:\/\/driviojobs.com\/index.php?rest_route=\/wp\/v2\/pages\/55\/revisions"}],"predecessor-version":[{"id":161,"href":"https:\/\/driviojobs.com\/index.php?rest_route=\/wp\/v2\/pages\/55\/revisions\/161"}],"wp:attachment":[{"href":"https:\/\/driviojobs.com\/index.php?rest_route=%2Fwp%2Fv2%2Fmedia&parent=55"}],"curies":[{"name":"wp","href":"https:\/\/api.w.org\/{rel}","templated":true}]}}