{"id":23,"date":"2025-08-31T14:08:14","date_gmt":"2025-08-31T14:08:14","guid":{"rendered":"https:\/\/driviojobs.com\/?page_id=23"},"modified":"2025-09-18T20:49:59","modified_gmt":"2025-09-18T20:49:59","slug":"kapcsolat","status":"publish","type":"page","link":"https:\/\/driviojobs.com\/?page_id=23","title":{"rendered":"Kapcsolat"},"content":{"rendered":"\n<div class=\"wp-block-columns is-layout-flex wp-container-core-columns-is-layout-28f84493 wp-block-columns-is-layout-flex\">\n<div class=\"wp-block-column is-layout-flow wp-block-column-is-layout-flow\">\n<div class=\"contact-card\">\n  <h2>Munkav\u00e1llal\u00f3knak<\/h2>\n  <p style=\"margin:8px 0 14px;color:#1B2A4A;\">K\u00e9rd\u00e9sed van a k\u00fclf\u00f6ldi sof\u0151r \u00e1ll\u00e1sokr\u00f3l? \u00cdrj WhatsAppon vagy h\u00edvj:<\/p>\n\n  <p style=\"margin:0 0 10px;\">\n    <a href=\"https:\/\/wa.me\/36705370003\" target=\"_blank\" rel=\"noopener\"\n       style=\"display:inline-block;padding:12px 16px;border-radius:8px;background:#2D90CB;color:#fff;text-decoration:none;font-weight:700;\">\n      WhatsApp (HU) \u00b7 +36 70 537 0003\n    <\/a>\n  <\/p>\n  <p style=\"margin:0 0 10px;\">\n    <a href=\"tel:+36705370003\" style=\"color:#2D90CB;text-decoration:none;\">H\u00edv\u00e1s (HU): +36 70 537 0003<\/a>\n  <\/p>\n\n  <p style=\"margin:0 0 10px;\">\n    <a href=\"https:\/\/wa.me\/4915161658457\" target=\"_blank\" rel=\"noopener\"\n       style=\"display:inline-block;padding:12px 16px;border-radius:8px;background:#1B3A68;color:#fff;text-decoration:none;font-weight:700;\">\n      WhatsApp (DE) \u00b7 +49 151 616 58457\n    <\/a>\n  <\/p>\n  <p style=\"margin:0;\">\n    <a href=\"tel:+4915161658457\" style=\"color:#2D90CB;text-decoration:none;\">H\u00edv\u00e1s (DE): +49 151 616 58457<\/a>\n  <\/p>\n\n  <hr style=\"opacity:.2;margin:18px 0;\">\n  <p style=\"margin:0;\">\n    \u2709\ufe0f <a href=\"mailto:info@driviojobs.com\" style=\"color:#2D90CB;text-decoration:none;\">info@driviojobs.com<\/a>\n  <\/p>\n  <p style=\"margin:8px 0 0;color:#6b7a91;\">V\u00e1laszid\u0151: 24 \u00f3r\u00e1n bel\u00fcl.<\/p>\n<\/div>\n<\/div>\n\n\n\n<div class=\"wp-block-column is-layout-flow wp-block-column-is-layout-flow\">\n<div class=\"contact-card\">\n  <h2>For Employers<\/h2>\n  <p style=\"margin:8px 0 14px;color:#1B2A4A;\">Looking for reliable drivers? Reach out to us directly:<\/p>\n\n  <p style=\"margin:0 0 10px;\">\n    \ud83d\udcde <a href=\"tel:+36705370003\" style=\"color:#2D90CB;text-decoration:none;\">Hungary: +36 70 537 0003<\/a>\n  <\/p>\n  <p style=\"margin:0 0 10px;\">\n    \ud83d\udcde <a href=\"tel:+4915161658457\" style=\"color:#2D90CB;text-decoration:none;\">Germany: +49 151 616 58457<\/a>\n  <\/p>\n\n  <p style=\"margin:0 0 10px;\">\n    \u2709\ufe0f <a href=\"mailto:info@driviojobs.com\" style=\"color:#2D90CB;text-decoration:none;\">info@driviojobs.com<\/a>\n  <\/p>\n\n  <div style=\"margin-top:14px;\">\n    <a href=\"https:\/\/www.facebook.com\/share\/18nmvn5rKa\/?mibextid=wwXIfr\" target=\"_blank\" rel=\"noopener\" style=\"margin-right:12px;\">\n      <img loading=\"lazy\" decoding=\"async\" src=\"https:\/\/cdn-icons-png.flaticon.com\/24\/733\/733547.png\" alt=\"Facebook\" width=\"22\" height=\"22\">\n    <\/a>\n    <a href=\"https:\/\/www.instagram.com\/driviojobs?igsh=MXFwZ3VsaW5zaWZ3MQ==\" target=\"_blank\" rel=\"noopener\">\n      <img loading=\"lazy\" decoding=\"async\" src=\"https:\/\/cdn-icons-png.flaticon.com\/24\/2111\/2111463.png\" alt=\"Instagram\" width=\"22\" height=\"22\">\n    <\/a>\n  <\/div>\n<\/div>\n<\/div>\n<\/div>\n","protected":false},"excerpt":{"rendered":"<p>Munkav\u00e1llal\u00f3knak K\u00e9rd\u00e9sed van a k\u00fclf\u00f6ldi sof\u0151r \u00e1ll\u00e1sokr\u00f3l? \u00cdrj WhatsAppon vagy h\u00edvj: WhatsApp (HU) \u00b7 +36 70 537 0003 H\u00edv\u00e1s (HU): [&hellip;]<\/p>\n","protected":false},"author":1,"featured_media":0,"parent":0,"menu_order":0,"comment_status":"closed","ping_status":"closed","template":"","meta":{"site-sidebar-layout":"default","site-content-layout":"","ast-site-content-layout":"default","site-content-style":"default","site-sidebar-style":"default","ast-global-header-display":"","ast-banner-title-visibility":"","ast-main-header-display":"","ast-hfb-above-header-display":"","ast-hfb-below-header-display":"","ast-hfb-mobile-header-display":"","site-post-title":"","ast-breadcrumbs-content":"","ast-featured-img":"","footer-sml-layout":"","theme-transparent-header-meta":"","adv-header-id-meta":"","stick-header-meta":"","header-above-stick-meta":"","header-main-stick-meta":"","header-below-stick-meta":"","astra-migrate-meta-layouts":"default","ast-page-background-enabled":"default","ast-page-background-meta":{"desktop":{"background-color":"var(--ast-global-color-5)","background-image":"","background-repeat":"repeat","background-position":"center center","background-size":"auto","background-attachment":"scroll","background-type":"","background-media":"","overlay-type":"","overlay-color":"","overlay-opacity":"","overlay-gradient":""},"tablet":{"background-color":"","background-image":"","background-repeat":"repeat","background-position":"center center","background-size":"auto","background-attachment":"scroll","background-type":"","background-media":"","overlay-type":"","overlay-color":"","overlay-opacity":"","overlay-gradient":""},"mobile":{"background-color":"","background-image":"","background-repeat":"repeat","background-position":"center center","background-size":"auto","background-attachment":"scroll","background-type":"","background-media":"","overlay-type":"","overlay-color":"","overlay-opacity":"","overlay-gradient":""}},"ast-content-background-meta":{"desktop":{"background-color":"var(--ast-global-color-4)","background-image":"","background-repeat":"repeat","background-position":"center center","background-size":"auto","background-attachment":"scroll","background-type":"","background-media":"","overlay-type":"","overlay-color":"","overlay-opacity":"","overlay-gradient":""},"tablet":{"background-color":"var(--ast-global-color-4)","background-image":"","background-repeat":"repeat","background-position":"center center","background-size":"auto","background-attachment":"scroll","background-type":"","background-media":"","overlay-type":"","overlay-color":"","overlay-opacity":"","overlay-gradient":""},"mobile":{"background-color":"var(--ast-global-color-4)","background-image":"","background-repeat":"repeat","background-position":"center center","background-size":"auto","background-attachment":"scroll","background-type":"","background-media":"","overlay-type":"","overlay-color":"","overlay-opacity":"","overlay-gradient":""}},"footnotes":""},"class_list":["post-23","page","type-page","status-publish","hentry"],"_links":{"self":[{"href":"https:\/\/driviojobs.com\/index.php?rest_route=\/wp\/v2\/pages\/23","targetHints":{"allow":["GET"]}}],"collection":[{"href":"https:\/\/driviojobs.com\/index.php?rest_route=\/wp\/v2\/pages"}],"about":[{"href":"https:\/\/driviojobs.com\/index.php?rest_route=\/wp\/v2\/types\/page"}],"author":[{"embeddable":true,"href":"https:\/\/driviojobs.com\/index.php?rest_route=\/wp\/v2\/users\/1"}],"replies":[{"embeddable":true,"href":"https:\/\/driviojobs.com\/index.php?rest_route=%2Fwp%2Fv2%2Fcomments&post=23"}],"version-history":[{"count":3,"href":"https:\/\/driviojobs.com\/index.php?rest_route=\/wp\/v2\/pages\/23\/revisions"}],"predecessor-version":[{"id":105,"href":"https:\/\/driviojobs.com\/index.php?rest_route=\/wp\/v2\/pages\/23\/revisions\/105"}],"wp:attachment":[{"href":"https:\/\/driviojobs.com\/index.php?rest_route=%2Fwp%2Fv2%2Fmedia&parent=23"}],"curies":[{"name":"wp","href":"https:\/\/api.w.org\/{rel}","templated":true}]}}