{"id":21,"date":"2025-08-31T14:07:57","date_gmt":"2025-08-31T14:07:57","guid":{"rendered":"https:\/\/driviojobs.com\/?page_id=21"},"modified":"2025-09-29T23:09:04","modified_gmt":"2025-09-29T23:09:04","slug":"rolunk","status":"publish","type":"page","link":"https:\/\/driviojobs.com\/?page_id=21","title":{"rendered":"R\u00f3lunk"},"content":{"rendered":"\n<h1 class=\"wp-block-heading\">\u201eNem csak munk\u00e1t k\u00f6zvet\u00edt\u00fcnk \u2013 j\u00f6v\u0151t \u00e9p\u00edt\u00fcnk.\u201d<\/h1>\n\n\n\n<p>A DrivioJobs egy megb\u00edzhat\u00f3 sof\u0151r k\u00f6zvet\u00edt\u0151 iroda, ahol a legfontosabb \u00e9rt\u00e9kek az \u00e1tl\u00e1that\u00f3s\u00e1g, a kisz\u00e1m\u00edthat\u00f3s\u00e1g \u00e9s az emberk\u00f6zpont\u00fas\u00e1g. C\u00e9lunk, hogy a vel\u00fcnk dolgoz\u00f3 munkav\u00e1llal\u00f3k ne k\u00e9ts\u00e9gekkel, hanem magabiztoss\u00e1ggal \u00e9s bizalommal v\u00e1gjanak neki a k\u00fclf\u00f6ldi munkav\u00e1llal\u00e1snak \u2013 partnereink pedig olyan val\u00f3di, hossz\u00fa t\u00e1von is megb\u00edzhat\u00f3 munkaer\u0151h\u00f6z jussanak, akik val\u00f3ban hozz\u00e1adott \u00e9rt\u00e9ket k\u00e9pviselnek.Magyarorsz\u00e1gr\u00f3l indultunk, de m\u00e1ra nemzetk\u00f6zi kapcsolatokkal \u00e9s stabil k\u00fclf\u00f6ldi partnerekkel dolgozunk egy\u00fctt. Folyamatosan b\u0151v\u00edtj\u00fck partnerh\u00e1l\u00f3zatunkat, hogy egyre t\u00f6bb munkalehet\u0151s\u00e9get tudjunk k\u00edn\u00e1lni az \u00e9rdekl\u0151d\u0151knek, k\u00fcl\u00f6n\u00f6sen a sof\u0151r \u00e1ll\u00e1s k\u00f6zvet\u00edt\u00e9s ter\u00fclet\u00e9n.Legyen sz\u00f3 teherg\u00e9pj\u00e1rm\u0171-vezet\u0151kr\u0151l, fuvaroz\u00e1si feladatokr\u00f3l vagy speci\u00e1lis sof\u0151ri munk\u00e1kr\u00f3l, mi szem\u00e9lyre szabott megold\u00e1sokat k\u00edn\u00e1lunk \u2013 mind a munkav\u00e1llal\u00f3k, mind a munkaad\u00f3k sz\u00e1m\u00e1ra.N\u00e1lunk minden sikeresen bet\u00f6lt\u00f6tt \u00e1ll\u00e1s nem csup\u00e1n egy \u00faj munk\u00e1t jelent, hanem egy \u00faj \u00e9let lehet\u0151s\u00e9g\u00e9t is \u2013 egy stabilabb, tervezhet\u0151bb j\u00f6v\u0151 fel\u00e9.<\/p>\n\n\n\n<h3 class=\"wp-block-heading szlogen-blokk\">\ud83d\udc49 A DrivioJobs-szal nem csak egy \u00faj \u00e1ll\u00e1st tal\u00e1lsz \u2013 hanem j\u00f6v\u0151t \u00e9p\u00edtesz magadnak.<\/h3>\n\n\n\n<p><\/p>\n\n\n\n<p><\/p>\n\n\n\n<div class=\"wp-block-columns is-layout-flex wp-container-core-columns-is-layout-28f84493 wp-block-columns-is-layout-flex\">\n<div class=\"wp-block-column is-layout-flow wp-block-column-is-layout-flow\">\n<div class=\"contact-card\">\n  <h2>Munkav\u00e1llal\u00f3knak<\/h2>\n  <p style=\"margin:8px 0 14px;color:#1B2A4A;\">K\u00e9rd\u00e9sed van a k\u00fclf\u00f6ldi sof\u0151r \u00e1ll\u00e1sokr\u00f3l? \u00cdrj WhatsAppon vagy h\u00edvj:<\/p>\n\n  <p style=\"margin:0 0 10px;\">\n    <a href=\"https:\/\/wa.me\/36705370003\" target=\"_blank\" rel=\"noopener\"\n       style=\"display:inline-block;padding:12px 16px;border-radius:8px;background:#2D90CB;color:#fff;text-decoration:none;font-weight:700;\">\n      WhatsApp (HU) \u00b7 +36 70 537 0003\n    <\/a>\n  <\/p>\n  <p style=\"margin:0 0 10px;\">\n    <a href=\"tel:+36705370003\" style=\"color:#2D90CB;text-decoration:none;\">H\u00edv\u00e1s (HU): +36 70 537 0003<\/a>\n  <\/p>\n\n  <p style=\"margin:0 0 10px;\">\n    <a href=\"https:\/\/wa.me\/4915161658457\" target=\"_blank\" rel=\"noopener\"\n       style=\"display:inline-block;padding:12px 16px;border-radius:8px;background:#1B3A68;color:#fff;text-decoration:none;font-weight:700;\">\n      WhatsApp (DE) \u00b7 +49 151 616 58457\n    <\/a>\n  <\/p>\n  <p style=\"margin:0;\">\n    <a href=\"tel:+4915161658457\" style=\"color:#2D90CB;text-decoration:none;\">H\u00edv\u00e1s (DE): +49 151 616 58457<\/a>\n  <\/p>\n\n  <hr style=\"opacity:.2;margin:18px 0;\">\n  <p style=\"margin:0;\">\n    \u2709\ufe0f <a href=\"mailto:info@driviojobs.com\" style=\"color:#2D90CB;text-decoration:none;\">info@driviojobs.com<\/a>\n  <\/p>\n  <p style=\"margin:8px 0 0;color:#6b7a91;\">V\u00e1laszid\u0151: 24 \u00f3r\u00e1n bel\u00fcl.<\/p>\n<\/div>\n\n<\/div>\n\n\n\n<div class=\"wp-block-column is-layout-flow wp-block-column-is-layout-flow\">\n<div class=\"contact-card\">\n  <h2>For Employers<\/h2>\n  <p style=\"margin:8px 0 14px;color:#1B2A4A;\">Looking for reliable drivers? Reach out to us directly:<\/p>\n\n  <p style=\"margin:0 0 10px;\">\n    \ud83d\udcde <a href=\"tel:+36705370003\" style=\"color:#2D90CB;text-decoration:none;\">Hungary: +36 70 537 0003<\/a>\n  <\/p>\n  <p style=\"margin:0 0 10px;\">\n    \ud83d\udcde <a href=\"tel:+4915161658457\" style=\"color:#2D90CB;text-decoration:none;\">Germany: +49 151 616 58457<\/a>\n  <\/p>\n\n  <p style=\"margin:0 0 10px;\">\n    \u2709\ufe0f <a href=\"mailto:info@driviojobs.com\" style=\"color:#2D90CB;text-decoration:none;\">info@driviojobs.com<\/a>\n  <\/p>\n\n  <div style=\"margin-top:14px;\">\n    <a href=\"https:\/\/www.facebook.com\/share\/18nmvn5rKa\/?mibextid=wwXIfr\" target=\"_blank\" rel=\"noopener\" style=\"margin-right:12px;\">\n      <img loading=\"lazy\" decoding=\"async\" src=\"https:\/\/cdn-icons-png.flaticon.com\/24\/733\/733547.png\" alt=\"Facebook\" width=\"22\" height=\"22\">\n    <\/a>\n    <a href=\"https:\/\/www.instagram.com\/driviojobs?igsh=MXFwZ3VsaW5zaWZ3MQ==\" target=\"_blank\" rel=\"noopener\">\n      <img loading=\"lazy\" decoding=\"async\" src=\"https:\/\/cdn-icons-png.flaticon.com\/24\/2111\/2111463.png\" alt=\"Instagram\" width=\"22\" height=\"22\">\n    <\/a>\n  <\/div>\n<\/div>\n\n<\/div>\n<\/div>\n","protected":false},"excerpt":{"rendered":"<p>\u201eNem csak munk\u00e1t k\u00f6zvet\u00edt\u00fcnk \u2013 j\u00f6v\u0151t \u00e9p\u00edt\u00fcnk.\u201d A DrivioJobs egy megb\u00edzhat\u00f3 sof\u0151r k\u00f6zvet\u00edt\u0151 iroda, ahol a legfontosabb \u00e9rt\u00e9kek az \u00e1tl\u00e1that\u00f3s\u00e1g, [&hellip;]<\/p>\n","protected":false},"author":1,"featured_media":0,"parent":0,"menu_order":0,"comment_status":"closed","ping_status":"closed","template":"","meta":{"site-sidebar-layout":"default","site-content-layout":"","ast-site-content-layout":"default","site-content-style":"default","site-sidebar-style":"default","ast-global-header-display":"","ast-banner-title-visibility":"","ast-main-header-display":"","ast-hfb-above-header-display":"","ast-hfb-below-header-display":"","ast-hfb-mobile-header-display":"","site-post-title":"disabled","ast-breadcrumbs-content":"","ast-featured-img":"","footer-sml-layout":"","theme-transparent-header-meta":"","adv-header-id-meta":"","stick-header-meta":"","header-above-stick-meta":"","header-main-stick-meta":"","header-below-stick-meta":"","astra-migrate-meta-layouts":"default","ast-page-background-enabled":"default","ast-page-background-meta":{"desktop":{"background-color":"var(--ast-global-color-5)","background-image":"","background-repeat":"repeat","background-position":"center center","background-size":"auto","background-attachment":"scroll","background-type":"","background-media":"","overlay-type":"","overlay-color":"","overlay-opacity":"","overlay-gradient":""},"tablet":{"background-color":"","background-image":"","background-repeat":"repeat","background-position":"center center","background-size":"auto","background-attachment":"scroll","background-type":"","background-media":"","overlay-type":"","overlay-color":"","overlay-opacity":"","overlay-gradient":""},"mobile":{"background-color":"","background-image":"","background-repeat":"repeat","background-position":"center center","background-size":"auto","background-attachment":"scroll","background-type":"","background-media":"","overlay-type":"","overlay-color":"","overlay-opacity":"","overlay-gradient":""}},"ast-content-background-meta":{"desktop":{"background-color":"var(--ast-global-color-4)","background-image":"","background-repeat":"repeat","background-position":"center center","background-size":"auto","background-attachment":"scroll","background-type":"","background-media":"","overlay-type":"","overlay-color":"","overlay-opacity":"","overlay-gradient":""},"tablet":{"background-color":"var(--ast-global-color-4)","background-image":"","background-repeat":"repeat","background-position":"center center","background-size":"auto","background-attachment":"scroll","background-type":"","background-media":"","overlay-type":"","overlay-color":"","overlay-opacity":"","overlay-gradient":""},"mobile":{"background-color":"var(--ast-global-color-4)","background-image":"","background-repeat":"repeat","background-position":"center center","background-size":"auto","background-attachment":"scroll","background-type":"","background-media":"","overlay-type":"","overlay-color":"","overlay-opacity":"","overlay-gradient":""}},"footnotes":""},"class_list":["post-21","page","type-page","status-publish","hentry"],"_links":{"self":[{"href":"https:\/\/driviojobs.com\/index.php?rest_route=\/wp\/v2\/pages\/21","targetHints":{"allow":["GET"]}}],"collection":[{"href":"https:\/\/driviojobs.com\/index.php?rest_route=\/wp\/v2\/pages"}],"about":[{"href":"https:\/\/driviojobs.com\/index.php?rest_route=\/wp\/v2\/types\/page"}],"author":[{"embeddable":true,"href":"https:\/\/driviojobs.com\/index.php?rest_route=\/wp\/v2\/users\/1"}],"replies":[{"embeddable":true,"href":"https:\/\/driviojobs.com\/index.php?rest_route=%2Fwp%2Fv2%2Fcomments&post=21"}],"version-history":[{"count":6,"href":"https:\/\/driviojobs.com\/index.php?rest_route=\/wp\/v2\/pages\/21\/revisions"}],"predecessor-version":[{"id":128,"href":"https:\/\/driviojobs.com\/index.php?rest_route=\/wp\/v2\/pages\/21\/revisions\/128"}],"wp:attachment":[{"href":"https:\/\/driviojobs.com\/index.php?rest_route=%2Fwp%2Fv2%2Fmedia&parent=21"}],"curies":[{"name":"wp","href":"https:\/\/api.w.org\/{rel}","templated":true}]}}